{"id":11,"date":"2018-04-11T12:51:43","date_gmt":"2018-04-11T12:51:43","guid":{"rendered":"http:\/\/www.cncprofi.hu\/?page_id=11"},"modified":"2025-03-07T10:24:17","modified_gmt":"2025-03-07T10:24:17","slug":"nevjegy","status":"publish","type":"page","link":"https:\/\/www.cncprofi.hu\/index.php\/nevjegy\/","title":{"rendered":"N\u00e9vjegy"},"content":{"rendered":"<p>C\u00e9g\u00fcnk t\u00f6bb mint t\u00edz \u00e9ve tev\u00e9kenykedik m\u0171szaki t\u00e9ren. \u00dcgyfeleink legink\u00e1bb az aut\u00f3ipar, l\u00e9giipar, illetve az orvostechnika r\u00e9sztvev\u0151i.<\/p>\n<p>F\u0151 profilunk:<\/p>\n<p>-M\u00e9rn\u00f6ki szolg\u00e1ltat\u00e1sok: egyedi alkatr\u00e9szek, g\u00e9pelemek, gy\u00e1rt\u00f3eszk\u00f6z\u00f6k tervez\u00e9se, jav\u00edt\u00e1sa, PLC programoz\u00e1sa<\/p>\n<p>-Gy\u00e1rt\u00e1s: protot\u00edpusok \u00e9s kis sz\u00e9ri\u00e1k forg\u00e1csol\u00e1sa, \u00f6ssze\u00e1ll\u00edt\u00e1sa, telep\u00edt\u00e9se<\/p>\n<p>Saj\u00e1t g\u00e9pparkunk tartalmaz CNC megmunk\u00e1l\u00f3k\u00f6zpontokat, CNC eszterg\u00e1kat, CNC huzalszikraforg\u00e1csol\u00f3t, hagyom\u00e1nyos eszterg\u00e1kat, s\u00edkk\u00f6sz\u00f6r\u0171ket, szersz\u00e1mk\u00f6sz\u00f6r\u0171ket, illetve AWI hegeszt\u0151g\u00e9peket.<\/p>\n<p>Kiterjedt partneri kapcsolataink r\u00e9v\u00e9n megold\u00e1st tal\u00e1lunk k\u00fcl\u00f6nb\u00f6z\u0151 fel\u00fcletkezel\u00e9si \u00e9s h\u0151kezel\u00e9si ig\u00e9nyekre is, igyeksz\u00fcnk komplex szolg\u00e1ltat\u00e1st ny\u00fajtani \u00fcgyfeleinknek.<\/p>\n","protected":false},"excerpt":{"rendered":"<p>C\u00e9g\u00fcnk t\u00f6bb mint t\u00edz \u00e9ve tev\u00e9kenykedik m\u0171szaki t\u00e9ren. \u00dcgyfeleink legink\u00e1bb az aut\u00f3ipar, l\u00e9giipar, illetve az orvostechnika r\u00e9sztvev\u0151i. F\u0151 profilunk: -M\u00e9rn\u00f6ki szolg\u00e1ltat\u00e1sok: egyedi alkatr\u00e9szek, g\u00e9pelemek, gy\u00e1rt\u00f3eszk\u00f6z\u00f6k tervez\u00e9se, jav\u00edt\u00e1sa, PLC programoz\u00e1sa -Gy\u00e1rt\u00e1s: protot\u00edpusok \u00e9s kis sz\u00e9ri\u00e1k forg\u00e1csol\u00e1sa, \u00f6ssze\u00e1ll\u00edt\u00e1sa, telep\u00edt\u00e9se Saj\u00e1t g\u00e9pparkunk tartalmaz CNC megmunk\u00e1l\u00f3k\u00f6zpontokat, CNC eszterg\u00e1kat, CNC huzalszikraforg\u00e1csol\u00f3t, hagyom\u00e1nyos eszterg\u00e1kat, s\u00edkk\u00f6sz\u00f6r\u0171ket, szersz\u00e1mk\u00f6sz\u00f6r\u0171ket, illetve AWI hegeszt\u0151g\u00e9peket. Kiterjedt partneri &hellip; <\/p>\n<p class=\"link-more\"><a href=\"https:\/\/www.cncprofi.hu\/index.php\/nevjegy\/\" class=\"more-link\"><span class=\"screen-reader-text\">&#8222;N\u00e9vjegy&#8221;<\/span> b\u0151vebben<\/a><\/p>\n","protected":false},"author":2,"featured_media":57,"parent":0,"menu_order":0,"comment_status":"closed","ping_status":"closed","template":"","meta":[],"_links":{"self":[{"href":"https:\/\/www.cncprofi.hu\/index.php\/wp-json\/wp\/v2\/pages\/11"}],"collection":[{"href":"https:\/\/www.cncprofi.hu\/index.php\/wp-json\/wp\/v2\/pages"}],"about":[{"href":"https:\/\/www.cncprofi.hu\/index.php\/wp-json\/wp\/v2\/types\/page"}],"author":[{"embeddable":true,"href":"https:\/\/www.cncprofi.hu\/index.php\/wp-json\/wp\/v2\/users\/2"}],"replies":[{"embeddable":true,"href":"https:\/\/www.cncprofi.hu\/index.php\/wp-json\/wp\/v2\/comments?post=11"}],"version-history":[{"count":5,"href":"https:\/\/www.cncprofi.hu\/index.php\/wp-json\/wp\/v2\/pages\/11\/revisions"}],"predecessor-version":[{"id":189,"href":"https:\/\/www.cncprofi.hu\/index.php\/wp-json\/wp\/v2\/pages\/11\/revisions\/189"}],"wp:featuredmedia":[{"embeddable":true,"href":"https:\/\/www.cncprofi.hu\/index.php\/wp-json\/wp\/v2\/media\/57"}],"wp:attachment":[{"href":"https:\/\/www.cncprofi.hu\/index.php\/wp-json\/wp\/v2\/media?parent=11"}],"curies":[{"name":"wp","href":"https:\/\/api.w.org\/{rel}","templated":true}]}}